{"id":130,"date":"2020-04-06T12:41:29","date_gmt":"2020-04-06T10:41:29","guid":{"rendered":"http:\/\/radiokuko.noblogs.org\/?page_id=130"},"modified":"2020-06-05T11:26:48","modified_gmt":"2020-06-05T09:26:48","slug":"breves-virales","status":"publish","type":"page","link":"https:\/\/radiokuko.noblogs.org\/?page_id=130","title":{"rendered":"Breves virales"},"content":{"rendered":"<div align=\"center\"><H1><strong><\/p>\n<p style=\"font-family:courier,arial,helv\u00e9tica\">\n<font color=\"#651E0F\"><\/p>\n<div style=\"background-color:black\">\n<hr width=\"100%\" size=\"10\" \/><\/div>\n<p>BREVES VIRALES<\/font>\n<\/p>\n<p><\/strong><\/H1><\/div>\n<div style=\"background-color:black\">\n<hr width=\"100%\" size=\"10\" \/><\/div>\n<p><img loading=\"lazy\" decoding=\"async\" src=\"https:\/\/radiokuko.noblogs.org\/files\/2020\/04\/Foto-de-Rub\u00e9ngg-300x212.jpg\" width=\"300\" height=\"223\" align=\"center\" class=\"center\" \/><\/p>\n<p><H2><\/p>\n<p style=\"font-family:courier,arial,helv\u00e9tica\"><strong>\t\u00abPeque\u00f1os audios desde el estado de alarma\u00bb <\/strong><\/p>\n<p><\/H2><\/p>\n<div align=\"center\"><H3><strong>Breves virales 4<\/strong><\/H3><\/div>\n<p><H4><\/p>\n<ol>\n<em><\/p>\n<p style=\"font-family:courier,arial,helv\u00e9tica\">En este programa contamos con la colaboraci\u00f3n de los compa\u00f1eros asturianos de \u00abEBHI en lucha\u00bbque llevan 23 d\u00edas en huelga de hambre protestando por los despidos en su empresa. Tambi\u00e9n nos acompa\u00f1ara Miguel, sanitario que nos explica las patolog\u00edas que se est\u00e1n quedando al margen con esto del Covid. M\u00e1s tarde traemos un v\u00eddeo de Cuellilargo que nos ha encantado sobre la vuelta a eso que llam\u00e1bamos normalidad. Y, como viene siendo habitual, las compa\u00f1eras de Valladolor que nos traen sus informes laborales de estos d\u00edas.\n<\/p>\n<p><\/em><\/em><br \/>\n<\/H4><\/p>\n<p><audio class=\"wp-audio-shortcode\" id=\"audio-130-1\" preload=\"none\" style=\"width: 100%;\" controls=\"controls\"><source type=\"audio\/mpeg\" src=\"https:\/\/www.ivoox.com\/04-breves-virales_md_51772267_wp_1.mp3?_=1\" \/><a href=\"https:\/\/www.ivoox.com\/04-breves-virales_md_51772267_wp_1.mp3\">https:\/\/www.ivoox.com\/04-breves-virales_md_51772267_wp_1.mp3<\/a><\/audio> <a href=\"https:\/\/www.ivoox.com\/04-breves-virales-audios-mp3_rf_51772267_1.html\" title=\"#04 breves virales\">Descargar programa<\/a><\/p>\n<div style=\"width: 640px;\" class=\"wp-video\"><video class=\"wp-video-shortcode\" id=\"video-130-1\" width=\"640\" height=\"360\" preload=\"metadata\" controls=\"controls\"><source type=\"video\/youtube\" src=\"https:\/\/www.youtube.com\/watch?v=yuLwfdlWuhw&#038;_=1\" \/><a href=\"https:\/\/www.youtube.com\/watch?v=yuLwfdlWuhw\">https:\/\/www.youtube.com\/watch?v=yuLwfdlWuhw<\/a><\/video><\/div>\n<p><em><\/p>\n<div align=\"center\"><H3><strong>Webs y contacto:<\/strong><\/H3><\/div>\n<p><strong>&#8211; EBHI en lucha <\/strong><\/p>\n<ul>\n<li><a href=\"https:\/\/twitter.com\/ebhienllucha\/\" \/> Twitter<\/a><\/li>\n<\/ul>\n<ul>\n<li><a href=\"https:\/\/www.facebook.com\/EBHIenLlucha\/\" \/> P\u00e1gina de Facebook<\/a><\/li>\n<\/ul>\n<p><strong>&#8211; Cuellilargo<\/strong><\/p>\n<ul>\n<li><a href=\"https:\/\/www.youtube.com\/channel\/UCBGhz1moVqt0Q7LaB0AXUrg\" \/> Canal de Youtube<\/a><\/li>\n<\/ul>\n<p><strong>&#8211; Valladolor<\/strong><\/p>\n<ul>\n<li><a href=\"https:\/\/valladolorentodaspartes.blogspot.com\/\" \/> P\u00e1gina web<\/a><\/li>\n<\/ul>\n<\/p>\n<p><\/em><\/p>\n<div align=\"center\"><H3><strong>Breves virales 3<\/strong><\/H3><\/div>\n<p><H4><\/p>\n<ol>\n<em><\/p>\n<p style=\"font-family:courier,arial,helv\u00e9tica\">En este programa contamos con la colaboraci\u00f3n de una sanitaria del hospital Ram\u00f3n y Cajal de Madrid que nos expone la situaci\u00f3n de este colectivo, una compa\u00f1era que trabaja en los servicios sociales de atenci\u00f3n primaria en el ayuntamiento de Madrid, la denuncia de una profesora de ingl\u00e9s que trabajaba en una academia que nos manifiesta su situaci\u00f3n y como ha reaccionado su jefe ante la situaci\u00f3n en la que nos encontramos, del delegado por CGT y presidente del comit\u00e9 de empresa en Ferrovial Servios (Michel\u00edn Vitoria) y, como viene siendo habitual, las compa\u00f1eras de Valladolor que nos traen sus informes laborales de estos d\u00edas.\n<\/p>\n<p><\/em><\/em><br \/>\n<\/H4><\/p>\n<p><audio class=\"wp-audio-shortcode\" id=\"audio-130-2\" preload=\"none\" style=\"width: 100%;\" controls=\"controls\"><source type=\"audio\/mpeg\" src=\"https:\/\/www.ivoox.com\/breves-virales-3-22-04-20_md_50323444_wp_1.mp3?_=2\" \/><a href=\"https:\/\/www.ivoox.com\/breves-virales-3-22-04-20_md_50323444_wp_1.mp3\">https:\/\/www.ivoox.com\/breves-virales-3-22-04-20_md_50323444_wp_1.mp3<\/a><\/audio> <a href=\"https:\/\/www.ivoox.com\/breves-virales-3-22-04-20-audios-mp3_rf_50323444_1.html\" title=\"Breves virales 3 (22\/04\/20)\">Ir a descargar<\/a> <\/p>\n<div style=\"width: 640px;\" class=\"wp-video\"><video class=\"wp-video-shortcode\" id=\"video-130-2\" width=\"640\" height=\"360\" preload=\"metadata\" controls=\"controls\"><source type=\"video\/youtube\" src=\"https:\/\/www.youtube.com\/watch?v=Vc-rvY9PRfk&#038;_=2\" \/><a href=\"https:\/\/www.youtube.com\/watch?v=Vc-rvY9PRfk\">https:\/\/www.youtube.com\/watch?v=Vc-rvY9PRfk<\/a><\/video><\/div>\n<p><em><\/p>\n<div align=\"center\"><H3><strong>Webs y contacto:<\/strong><\/H3><\/div>\n<p><strong>&#8211; Trabajadores sanitarios frente al covid<\/strong><\/p>\n<ul>\n<li><a href=\"https:\/\/www.cntvalladolid.es\/\" \/> P\u00e1gina Facebook<\/a><\/li>\n<\/ul>\n<p><strong>&#8211; CGT Ferrovial 061<\/strong><\/p>\n<ul>\n<li><a href=\"https:\/\/cgtferrovial061.blogspot.com\/\" \/> P\u00e1gina web<\/a><\/li>\n<\/ul>\n<p><strong>&#8211; Valladolor<\/strong><\/p>\n<ul>\n<li><a href=\"https:\/\/valladolorentodaspartes.blogspot.com\/\" \/> P\u00e1gina web<\/a><\/li>\n<\/ul>\n<\/p>\n<p><\/em><\/p>\n<div align=\"center\"><H3><strong>Breves virales 2<\/strong><\/H3><\/div>\n<p><H4><\/p>\n<ol>\n<em><\/p>\n<p style=\"font-family:courier,arial,helv\u00e9tica\">En este programa tenemos una compa\u00f1era de Marabunta que nos habla de la situaci\u00f3n desde una perspectiva de g\u00e9nero y anticapitalista , una compa\u00f1era de la Escuela de la econom\u00eda cr\u00edtica de la cinetika de Barcelona explicando la situaci\u00f3n desde una perspectiva decrecentista,  un trabajador de un Centro de cuidados de personas del escpectro autista que nos contar\u00e1 las problem\u00e1ticas laborales que est\u00e1n viviendo as\u00ed como los de las personas a las que asiste, un compa\u00f1ero antimilitarista analizando el papel de ejercito dentro de la crisis del coronavirus, una compa\u00f1era que nos explicar\u00e1 el funcionamiento de la Ofina de vivienda de Valladolid  y  lxs compa\u00f1eros de Valladolor que nos traen sus informes laborales de estos d\u00edas.\n<\/p>\n<p><\/em><\/em><\/p>\n<p><em><\/p>\n<p style=\"font-family:courier,arial,helv\u00e9tica\">Si quieres enviarnos tus audios puedes hacerlo a:<br \/>\nradiokukoinfo@gmail.com y al telefono 615 801 650 (whatsapp, telegram y signal) .<\/p>\n<p><\/em><\/em><br \/>\n<\/H4><\/p>\n<p><audio class=\"wp-audio-shortcode\" id=\"audio-130-3\" preload=\"none\" style=\"width: 100%;\" controls=\"controls\"><source type=\"audio\/mpeg\" src=\"https:\/\/www.ivoox.com\/breves-virales-2-11-04-20_md_49906636_wp_1.mp3?_=3\" \/><a href=\"https:\/\/www.ivoox.com\/breves-virales-2-11-04-20_md_49906636_wp_1.mp3\">https:\/\/www.ivoox.com\/breves-virales-2-11-04-20_md_49906636_wp_1.mp3<\/a><\/audio> <a href=\"https:\/\/www.ivoox.com\/breves-virales-2-11-04-20-audios-mp3_rf_49906636_1.html\" title=\"breves virales 2 (11\/04\/20)\">Ir a descargar<\/a> <\/p>\n<div style=\"width: 640px;\" class=\"wp-video\"><video class=\"wp-video-shortcode\" id=\"video-130-3\" width=\"640\" height=\"360\" preload=\"metadata\" controls=\"controls\"><source type=\"video\/youtube\" src=\"https:\/\/www.youtube.com\/watch?v=ykY9SoJIJOY&#038;_=3\" \/><a href=\"https:\/\/www.youtube.com\/watch?v=ykY9SoJIJOY\">https:\/\/www.youtube.com\/watch?v=ykY9SoJIJOY<\/a><\/video><\/div>\n<p><em><\/p>\n<div align=\"center\"><H3><strong>Webs y contacto:<\/strong><\/H3><\/div>\n<p><strong>&#8211; Marabunta<\/strong><\/p>\n<ul>\n<li><a href=\"https:\/\/es-es.facebook.com\/Marabunta-Asamblea-de-Autodefensa-Feminista-784127474934230\/\" \/> Facebook<\/a><\/li>\n<\/ul>\n<p><strong>&#8211; Escuela de econom\u00eda cr\u00edtica de la Cin\u00e9tika<\/strong><\/p>\n<ul>\n<li><a href=\"https:\/\/escuelaecocritica.wordpress.com\/blog-feed\/\" \/> P\u00e1gina web<\/a><\/li>\n<\/ul>\n<p><strong>&#8211; Libro \u00abEj\u00e9rcitos en las calles\u00bb Algunas cuestiones en torno al informe: \u00abUrban Operations in the year 2020\u00bb de la OTAN<\/strong><\/p>\n<ul>\n<li><a href=\"https:\/\/translationcollective.files.wordpress.com\/2010\/05\/ejercitos_en_las_calles.pdf\" \/> Descarga del libro en formato PDF<\/a><\/li>\n<\/ul>\n<p><strong>&#8211; Valladolor<\/strong><\/p>\n<ul>\n<li><a href=\"https:\/\/valladolorentodaspartes.blogspot.com\/\" \/> P\u00e1gina web<\/a><\/li>\n<\/ul>\n<p><strong>&#8211; Oficina popular de vivienda de Valladolid<\/strong><\/p>\n<ul>\n<li><a href=\"https:\/\/oficinadevivienda.noblogs.org\/post\/2020\/02\/06\/nace-la-oficina-popular-de-vivienda-de-valladolid\/\" \/> P\u00e1gina web<\/a><\/li>\n<\/ul>\n<\/p>\n<div align=\"center\"><H3><strong>Breves virales 1<\/strong><\/H3><\/div>\n<p><H4><\/p>\n<ol>\n<em><\/p>\n<p style=\"font-family:courier,arial,helv\u00e9tica\">En este programa tenemos un compa\u00f1ero de CNT que nos habla de la situaci\u00f3n laboral, una compa\u00f1era que nos cuenta como funciona y se organiza la Red de solidaridad de Valladolid, el portavoz de Solidarixs de la sanidad que nos explica la situaci\u00f3n dentro de las c\u00e1rceles, una trabajadora del sistema sociosanitario y lxs compa\u00f1eros de Valladolor que nos traen sus informes laborales de estos dias.<\/p>\n<p><\/em><\/em><br \/>\n<\/H4><\/p>\n<p><audio class=\"wp-audio-shortcode\" id=\"audio-130-4\" preload=\"none\" style=\"width: 100%;\" controls=\"controls\"><source type=\"audio\/mpeg\" src=\"https:\/\/www.ivoox.com\/breves-virales-1-4-4-2020_md_49631295_wp_1.mp3?_=4\" \/><a href=\"https:\/\/www.ivoox.com\/breves-virales-1-4-4-2020_md_49631295_wp_1.mp3\">https:\/\/www.ivoox.com\/breves-virales-1-4-4-2020_md_49631295_wp_1.mp3<\/a><\/audio> <a href=\"https:\/\/www.ivoox.com\/breves-virales-1-4-4-2020-audios-mp3_rf_49631295_1.html\" title=\"Breves v\u00edrales 1 (4\/4\/2020)\">Enlace a descarga<\/a><\/p>\n<div style=\"width: 640px;\" class=\"wp-video\"><video class=\"wp-video-shortcode\" id=\"video-130-4\" width=\"640\" height=\"360\" preload=\"metadata\" controls=\"controls\"><source type=\"video\/youtube\" src=\"https:\/\/www.youtube.com\/watch?v=4NSuSJc0Vvg&#038;_=4\" \/><a href=\"https:\/\/www.youtube.com\/watch?v=4NSuSJc0Vvg\">https:\/\/www.youtube.com\/watch?v=4NSuSJc0Vvg<\/a><\/video><\/div>\n<p><em><\/p>\n<div align=\"center\"><H3><strong>Webs y contacto:<\/strong><\/H3><\/div>\n<p><strong>&#8211; CNT Valladolid<\/strong><\/p>\n<ul>\n<li><a href=\"https:\/\/www.cntvalladolid.es\/\" \/> P\u00e1gina web<\/a><\/li>\n<li><a href=\"mailto:asesoria@valladolid.cnt.es\">Correo electr\u00f3nico CNT Valladolid<\/a><\/li>\n<li><a href=\"mailto:valladolid@cnt.es\">Correo electr\u00f3nico asesor\u00eda<\/a><\/li>\n<li>Numero de tel\u00e9fono: <em>615 57 67 91<\/em> <\/li>\n<\/ul>\n<p><strong>&#8211; Red de solidaridad de Valladolid<\/strong><\/p>\n<ul>\n<li><a href=\"https:\/\/redsolidariavalladolid.000webhostapp.com\/\" \/> P\u00e1gina web<\/a><\/li>\n<li><a href=\"mailto:redsolidariavalladolid@riseup.net\">Correo electr\u00f3nico<\/a><\/li>\n<li>Numero de tel\u00e9fono 1: <em>630 42 30 83<\/em> <\/li>\n<li>Numero de tel\u00e9fono 2: <em>632 97 34 78<\/em> <\/li>\n<\/ul>\n<p><strong>&#8211; Solidarixs de la sanidad<\/strong><\/p>\n<ul>\n<li><a href=\"https:\/\/solidariosdelasanidad.blogspot.com\/\" \/> P\u00e1gina web<\/a><\/li>\n<\/ul>\n<p><strong>&#8211; Valladolor<\/strong><\/p>\n<ul>\n<li><a href=\"https:\/\/valladolorentodaspartes.blogspot.com\/\" \/> P\u00e1gina web<\/a><\/li>\n<\/ul>\n<\/p>\n<p><\/em><\/p>\n<p><\/em><\/p>\n","protected":false},"excerpt":{"rendered":"<p>BREVES VIRALES \u00abPeque\u00f1os audios desde el estado de alarma\u00bb Breves virales 4 En este programa contamos con la colaboraci\u00f3n de los compa\u00f1eros asturianos de \u00abEBHI en lucha\u00bbque llevan 23 d\u00edas en huelga de hambre protestando por los despidos en su empresa. Tambi\u00e9n nos acompa\u00f1ara Miguel, sanitario que nos explica las patolog\u00edas que se est\u00e1n quedando [&hellip;]<\/p>\n","protected":false},"author":14881,"featured_media":0,"parent":0,"menu_order":0,"comment_status":"closed","ping_status":"closed","template":"","meta":{"footnotes":""},"class_list":["post-130","page","type-page","status-publish","hentry"],"_links":{"self":[{"href":"https:\/\/radiokuko.noblogs.org\/index.php?rest_route=\/wp\/v2\/pages\/130","targetHints":{"allow":["GET"]}}],"collection":[{"href":"https:\/\/radiokuko.noblogs.org\/index.php?rest_route=\/wp\/v2\/pages"}],"about":[{"href":"https:\/\/radiokuko.noblogs.org\/index.php?rest_route=\/wp\/v2\/types\/page"}],"author":[{"embeddable":true,"href":"https:\/\/radiokuko.noblogs.org\/index.php?rest_route=\/wp\/v2\/users\/14881"}],"replies":[{"embeddable":true,"href":"https:\/\/radiokuko.noblogs.org\/index.php?rest_route=%2Fwp%2Fv2%2Fcomments&post=130"}],"version-history":[{"count":25,"href":"https:\/\/radiokuko.noblogs.org\/index.php?rest_route=\/wp\/v2\/pages\/130\/revisions"}],"predecessor-version":[{"id":388,"href":"https:\/\/radiokuko.noblogs.org\/index.php?rest_route=\/wp\/v2\/pages\/130\/revisions\/388"}],"wp:attachment":[{"href":"https:\/\/radiokuko.noblogs.org\/index.php?rest_route=%2Fwp%2Fv2%2Fmedia&parent=130"}],"curies":[{"name":"wp","href":"https:\/\/api.w.org\/{rel}","templated":true}]}}