{"id":17,"date":"2020-03-17T13:21:55","date_gmt":"2020-03-17T12:21:55","guid":{"rendered":"http:\/\/radiokuko.noblogs.org\/?page_id=17"},"modified":"2021-02-22T11:51:06","modified_gmt":"2021-02-22T10:51:06","slug":"sopas-y-sorber","status":"publish","type":"page","link":"https:\/\/radiokuko.noblogs.org\/?page_id=17","title":{"rendered":"Sopas y sorber"},"content":{"rendered":"<div align=\"center\"><H1><strong><\/p>\n<p style=\"font-family:courier,arial,helv\u00e9tica\"><font color=\"#651E0F\"><\/p>\n<div style=\"background-color:black\">\n<hr width=\"100%\" size=\"10\" \/><\/div>\n<p>SOPAS Y SORBER<\/font>\n<\/p>\n<p><\/strong><\/H1><\/div>\n<div style=\"background-color:black\">\n<hr width=\"100%\" size=\"10\" \/><\/div>\n<p><img loading=\"lazy\" decoding=\"async\" src=\"https:\/\/radiokuko.noblogs.org\/files\/2020\/03\/WhatsApp-Image-2020-03-18-at-11.15.01-300x212.jpeg\" alt=\"\" width=\"300\" height=\"212\" class=\"center\" \/><\/p>\n<p><H2><\/p>\n<p style=\"font-family:courier,arial,helv\u00e9tica\"><strong><br \/>\n\u00abSopas y sorber\u00bb es un programa de \u00abRadio kuko\u00bb radio libre desde la meseta castellana, \u00abSopas y sorber\u00bb es un programa que es la suma de dos que ha venido a hacerse uno. Primero encontraremos \u00abReportes acelerados\u00bb,  breves sobre la lucha social a lo largo del globo y mas cerquita, luego vendra \u00abcontrainformacion desde la cloaka\u00bb donde pretendemos dar una informaci\u00f3n alternativa sobre ese mundo subversivo que tiene lugar en las alcantarillas de Valladolid y sus alrededores.\u00bb<br \/>\n<\/strong><\/p>\n<p><\/H2> <\/p>\n<div align=\"center\"><H3><strong>Programa #0<\/strong><\/H3><\/div>\n<p><H4><\/p>\n<ol>\n<em><\/p>\n<p style=\"font-family:courier,arial,helv\u00e9tica\">Para este primer programa hemos decidido empezar con el tema de la casas de apuestas y el negocio del juego, adem\u00e1s repasamos pr\u00f3ximos eventos de la ciudad en la secci\u00f3n de agenda y terminamos con un tema de un grupazo nacido en Valladolid. Esperamos que os guste!<\/p>\n<p><\/em><\/ol>\n<p><\/H4><\/p>\n<p><audio class=\"wp-audio-shortcode\" id=\"audio-17-1\" preload=\"none\" style=\"width: 100%;\" controls=\"controls\"><source type=\"audio\/mpeg\" src=\"https:\/\/www.ivoox.com\/sopas-sorber-0_md_48347048_wp_1.mp3?_=1\" \/><a href=\"https:\/\/www.ivoox.com\/sopas-sorber-0_md_48347048_wp_1.mp3\">https:\/\/www.ivoox.com\/sopas-sorber-0_md_48347048_wp_1.mp3<\/a><\/audio> <a href=\"https:\/\/www.ivoox.com\/sopas-sorber-0-audios-mp3_rf_48347048_1.html\" title=\"Sopas y sorber 0#\">Enlace a la descarga<\/a><\/p>\n<div style=\"width: 640px;\" class=\"wp-video\"><video class=\"wp-video-shortcode\" id=\"video-17-1\" width=\"640\" height=\"360\" preload=\"metadata\" controls=\"controls\"><source type=\"video\/youtube\" src=\"https:\/\/www.youtube.com\/watch?v=1sgUybKYXcA&#038;_=1\" \/><a href=\"https:\/\/www.youtube.com\/watch?v=1sgUybKYXcA\">https:\/\/www.youtube.com\/watch?v=1sgUybKYXcA<\/a><\/video><\/div>\n<div align=\"center\"><H3><strong>Programa #1<\/strong><\/H3><\/div>\n<p><H4><\/p>\n<ol>\n<em><\/p>\n<p style=\"font-family:courier,arial,helv\u00e9tica\">En este programa, marcado por la pandemia del Covid 19, repasaremos noticias que el dichoso virus ha generado a lo largo del planeta. En la segunda parte hablaremos junto a una compa\u00f1era de la revista anticarcelaria \u00abEl Carro\u00bb de las mas olvidadas en toda esta situaci\u00f3n, las personas presxs.<\/p>\n<p><\/em><\/ol>\n<p><\/H4><\/p>\n<p><audio class=\"wp-audio-shortcode\" id=\"audio-17-2\" preload=\"none\" style=\"width: 100%;\" controls=\"controls\"><source type=\"audio\/mpeg\" src=\"https:\/\/www.ivoox.com\/sopas-sorber-0_md_48347048_wp_1.mp3?_=2\" \/><a href=\"https:\/\/www.ivoox.com\/sopas-sorber-0_md_48347048_wp_1.mp3\">https:\/\/www.ivoox.com\/sopas-sorber-0_md_48347048_wp_1.mp3<\/a><\/audio> <a href=\"https:\/\/www.ivoox.com\/sopas-sorber-0-audios-mp3_rf_48347048_1.html\" title=\"Sopas y sorber 0#\">Enlace a la descarga<\/a><\/p>\n<div style=\"width: 640px;\" class=\"wp-video\"><video class=\"wp-video-shortcode\" id=\"video-17-2\" width=\"640\" height=\"360\" preload=\"metadata\" controls=\"controls\"><source type=\"video\/youtube\" src=\"https:\/\/www.youtube.com\/watch?v=vfIOT5R3hBY&#038;_=2\" \/><a href=\"https:\/\/www.youtube.com\/watch?v=vfIOT5R3hBY\">https:\/\/www.youtube.com\/watch?v=vfIOT5R3hBY<\/a><\/video><\/div>\n<div align=\"center\"><H3><strong>Programa #2<\/strong><\/H3><\/div>\n<p><H4><\/p>\n<ol>\n<em><\/p>\n<p style=\"font-family:courier,arial,helv\u00e9tica\">En este programa, marcado de nuevo por la pandemia del Covid 19, repasaremos laborales y sociales. En la segunda parte hablaremos sobre el apoyo mutuo con la ayuda de una compa\u00f1era de la red de solidaridad y apoyo mutuo de Burgos.<\/p>\n<p><\/em><\/ol>\n<p><\/H4><\/p>\n<p><audio class=\"wp-audio-shortcode\" id=\"audio-17-3\" preload=\"none\" style=\"width: 100%;\" controls=\"controls\"><source type=\"audio\/mpeg\" src=\"https:\/\/www.ivoox.com\/sopas-sorber-2_md_50814486_wp_1.mp3?_=3\" \/><a href=\"https:\/\/www.ivoox.com\/sopas-sorber-2_md_50814486_wp_1.mp3\">https:\/\/www.ivoox.com\/sopas-sorber-2_md_50814486_wp_1.mp3<\/a><\/audio> <a href=\"https:\/\/www.ivoox.com\/sopas-sorber-2-audios-mp3_rf_50814486_1.html\" title=\"Sopas y sorber 2#\">Ir a descargar<\/a><\/p>\n<div style=\"width: 640px;\" class=\"wp-video\"><video class=\"wp-video-shortcode\" id=\"video-17-3\" width=\"640\" height=\"360\" preload=\"metadata\" controls=\"controls\"><source type=\"video\/youtube\" src=\"https:\/\/www.youtube.com\/watch?v=iJRWTrBxHzU&#038;_=3\" \/><a href=\"https:\/\/www.youtube.com\/watch?v=iJRWTrBxHzU\">https:\/\/www.youtube.com\/watch?v=iJRWTrBxHzU<\/a><\/video><\/div>\n<div align=\"center\"><H3><strong>Programa #3 Especial Cadenazo &#8211; Apoyo mutuo<\/strong><\/H3><\/div>\n<p><H4><\/p>\n<ol>\n<em><\/p>\n<p style=\"font-family:courier,arial,helv\u00e9tica\">Episodio especial de \u00abSopas y sorber\u00bb emitido dentro del \u00abCadenazo sobre apoyo mutuo\u00bb organizado por diferentes radios libres del estado el 7 de Junio.<br \/>\n\u00abSopas y sorber\u00bb es un programa que es la suma de dos que ha venido a hacerse uno. Primero encontraremos \u00abReportes acelerados\u00bb, breves sobre la lucha social a lo largo del globo y mas cerquita, y luego vendra \u00abcontrainformacion desde la cloaka\u00bb, donde pretendemos dar una informaci\u00f3n alternativa sobre ese mundo subversivo que tiene lugar en las alcantarillas de Valladolid y sus alrededores.<\/p>\n<p><em><\/p>\n<p style=\"font-family:courier,arial,helv\u00e9tica\">\nEn este programa, repasaremos laborales  y sociales poniendo el acento en el apoyo mutuo. En la segunda entrevistamos a Gonzalo Tejerina, medico y portavoz de Solidarixs de la sanidad.<\/p>\n<p><\/em><\/ol>\n<p><\/H4><\/p>\n<p><audio class=\"wp-audio-shortcode\" id=\"audio-17-4\" preload=\"none\" style=\"width: 100%;\" controls=\"controls\"><source type=\"audio\/mpeg\" src=\"https:\/\/www.ivoox.com\/sopas-sorber-3-especial-casenazoapoyomutuo_md_51939895_wp_1.mp3?_=4\" \/><a href=\"https:\/\/www.ivoox.com\/sopas-sorber-3-especial-casenazoapoyomutuo_md_51939895_wp_1.mp3\">https:\/\/www.ivoox.com\/sopas-sorber-3-especial-casenazoapoyomutuo_md_51939895_wp_1.mp3<\/a><\/audio> <a href=\"https:\/\/go.ivoox.com\/rf\/51939895\" title=\"Sopas y sorber #3 (Especial #casenazoapoyomutuo)\">Enlace a la descarga<\/a><\/p>\n<div style=\"width: 640px;\" class=\"wp-video\"><video class=\"wp-video-shortcode\" id=\"video-17-4\" width=\"640\" height=\"360\" preload=\"metadata\" controls=\"controls\"><source type=\"video\/youtube\" src=\"https:\/\/www.youtube.com\/watch?v=z4Cr60NIBt4&#038;_=4\" \/><a href=\"https:\/\/www.youtube.com\/watch?v=z4Cr60NIBt4\">https:\/\/www.youtube.com\/watch?v=z4Cr60NIBt4<\/a><\/video><\/div>\n<div align=\"center\"><H3><strong>Programa #4<\/strong><\/H3><\/div>\n<p><H4><\/p>\n<ol>\n<em><\/p>\n<p style=\"font-family:courier,arial,helv\u00e9tica\">Tras el par\u00f3n veraniego, volvemos con las pilas cargadas. Esta vez la okupaci\u00f3n tomar\u00e1 el protagonismo del programa, y para ello contamos con la ayuda de un compa\u00f1ero de Burgos, que profundizar\u00e1 sobre el tema a trav\u00e9s de un recorrido hist\u00f3rico de la okupaci\u00f3n en la ciudad de Valladolid.<\/p>\n<p><\/em><\/ol>\n<p><\/H4><\/p>\n<p><audio class=\"wp-audio-shortcode\" id=\"audio-17-5\" preload=\"none\" style=\"width: 100%;\" controls=\"controls\"><source type=\"audio\/mpeg\" src=\"https:\/\/www.ivoox.com\/sopas-sorber-4_md_57499844_wp_1.mp3?_=5\" \/><a href=\"https:\/\/www.ivoox.com\/sopas-sorber-4_md_57499844_wp_1.mp3\">https:\/\/www.ivoox.com\/sopas-sorber-4_md_57499844_wp_1.mp3<\/a><\/audio> <a href=\"https:\/\/go.ivoox.com\/rf\/57499844\" title=\"Sopas y sorber #4\">Enlace a la descarga<\/a><\/p>\n<div style=\"width: 640px;\" class=\"wp-video\"><video class=\"wp-video-shortcode\" id=\"video-17-5\" width=\"640\" height=\"360\" preload=\"metadata\" controls=\"controls\"><source type=\"video\/youtube\" src=\"https:\/\/www.youtube.com\/watch?v=t9ijr_llRT0&#038;_=5\" \/><a href=\"https:\/\/www.youtube.com\/watch?v=t9ijr_llRT0\">https:\/\/www.youtube.com\/watch?v=t9ijr_llRT0<\/a><\/video><\/div>\n<div align=\"center\"><H3><strong>Programa #5<\/strong><\/H3><\/div>\n<p><em><\/p>\n<p style=\"font-family:courier,arial,helv\u00e9tica\">Nueva temporada de \u00abSopas y sorber\u00bb el programa de contrainformaci\u00f3n de Radio Kuko.<\/p>\n<p><em><\/p>\n<p style=\"font-family:courier,arial,helv\u00e9tica\">Lo que podr\u00e1s encontrar en este \u00abSopas\u00bb es nuestro noticiero contrainformativo.<br \/>\nUn breve recorrido hist\u00f3rico sobre las luchas feministas a favor del aborto en Argentina en el estado espa\u00f1ol.<br \/>\nUna entrevista a comapa\u00f1erxs anarquistas griegxs que nos hablan de la situaci\u00f3n de represi\u00f3n en el pa\u00eds, aparte de relatarnos un pr\u00f3ximo juicio que van a tener y por el que p\u00ecden solidaridad.<br \/>\nNuestra nueva secci\u00f3n de rese\u00f1as literarias que empezamos con \u00abLas malas\u00bb de Camila Sosa Villada<br \/>\ny una reflexi\u00f3n sobre el amor rom\u00e1ntico.<\/p>\n<p><em><\/p>\n<p style=\"font-family:courier,arial,helv\u00e9tica\">Como ver\u00e9is en este programa hemos introducido un nuevo esquema y nuevas voces para conseguir un contenido mas variado y ameno, pero con la misma fuerza y contenido. <\/p>\n<p><\/em><\/ol>\n<p><audio class=\"wp-audio-shortcode\" id=\"audio-17-6\" preload=\"none\" style=\"width: 100%;\" controls=\"controls\"><source type=\"audio\/mpeg\" src=\"https:\/\/www.ivoox.com\/sopas-sorber-5-nueva-temporada_md_65356405_wp_1.mp3?_=6\" \/><a href=\"https:\/\/www.ivoox.com\/sopas-sorber-5-nueva-temporada_md_65356405_wp_1.mp3\">https:\/\/www.ivoox.com\/sopas-sorber-5-nueva-temporada_md_65356405_wp_1.mp3<\/a><\/audio> <a href=\"https:\/\/go.ivoox.com\/rf\/65356405\" title=\"Sopas y sorber #5 (Nueva temporada)\">Enlace a descargar<\/a><\/p>\n<div style=\"width: 640px;\" class=\"wp-video\"><video class=\"wp-video-shortcode\" id=\"video-17-6\" width=\"640\" height=\"360\" preload=\"metadata\" controls=\"controls\"><source type=\"video\/youtube\" src=\"https:\/\/www.youtube.com\/watch?v=mwL55riYMPs&#038;_=6\" \/><a href=\"https:\/\/www.youtube.com\/watch?v=mwL55riYMPs\">https:\/\/www.youtube.com\/watch?v=mwL55riYMPs<\/a><\/video><\/div>\n","protected":false},"excerpt":{"rendered":"<p>SOPAS Y SORBER \u00abSopas y sorber\u00bb es un programa de \u00abRadio kuko\u00bb radio libre desde la meseta castellana, \u00abSopas y sorber\u00bb es un programa que es la suma de dos que ha venido a hacerse uno. Primero encontraremos \u00abReportes acelerados\u00bb, breves sobre la lucha social a lo largo del globo y mas cerquita, luego vendra [&hellip;]<\/p>\n","protected":false},"author":14881,"featured_media":0,"parent":0,"menu_order":0,"comment_status":"closed","ping_status":"closed","template":"","meta":{"footnotes":""},"class_list":["post-17","page","type-page","status-publish","hentry"],"_links":{"self":[{"href":"https:\/\/radiokuko.noblogs.org\/index.php?rest_route=\/wp\/v2\/pages\/17","targetHints":{"allow":["GET"]}}],"collection":[{"href":"https:\/\/radiokuko.noblogs.org\/index.php?rest_route=\/wp\/v2\/pages"}],"about":[{"href":"https:\/\/radiokuko.noblogs.org\/index.php?rest_route=\/wp\/v2\/types\/page"}],"author":[{"embeddable":true,"href":"https:\/\/radiokuko.noblogs.org\/index.php?rest_route=\/wp\/v2\/users\/14881"}],"replies":[{"embeddable":true,"href":"https:\/\/radiokuko.noblogs.org\/index.php?rest_route=%2Fwp%2Fv2%2Fcomments&post=17"}],"version-history":[{"count":46,"href":"https:\/\/radiokuko.noblogs.org\/index.php?rest_route=\/wp\/v2\/pages\/17\/revisions"}],"predecessor-version":[{"id":428,"href":"https:\/\/radiokuko.noblogs.org\/index.php?rest_route=\/wp\/v2\/pages\/17\/revisions\/428"}],"wp:attachment":[{"href":"https:\/\/radiokuko.noblogs.org\/index.php?rest_route=%2Fwp%2Fv2%2Fmedia&parent=17"}],"curies":[{"name":"wp","href":"https:\/\/api.w.org\/{rel}","templated":true}]}}