{"id":19,"date":"2020-03-17T13:22:37","date_gmt":"2020-03-17T12:22:37","guid":{"rendered":"http:\/\/radiokuko.noblogs.org\/?page_id=19"},"modified":"2021-02-22T11:45:40","modified_gmt":"2021-02-22T10:45:40","slug":"pizpireta-comic","status":"publish","type":"page","link":"https:\/\/radiokuko.noblogs.org\/?page_id=19","title":{"rendered":"Pizpireta comic"},"content":{"rendered":"<div align=\"center\"><H1><strong><\/p>\n<p style=\"font-family:courier,arial,helv\u00e9tica\"><font color=\"#651E0F\"><\/p>\n<div style=\"background-color:black\">\n<hr width=\"100%\" size=\"10\" \/><\/div>\n<p>PIZPIRETA COMIC<\/font>\n<\/p>\n<p><\/strong><\/H1><\/div>\n<div style=\"background-color:black\">\n<hr width=\"100%\" size=\"10\" \/><\/div>\n<p><img loading=\"lazy\" decoding=\"async\" src=\"https:\/\/radiokuko.noblogs.org\/files\/2020\/03\/3701583334993_MD.jpg\" alt=\"\" width=\"141\" height=\"141\" class=\"center\" \/><\/p>\n<p><H2><\/p>\n<p style=\"font-family:courier,arial,helv\u00e9tica\"><strong> \u00abPizpireta c\u00f3mic. Un espacio para hablar y debatir siempre alrededor del mundo del c\u00f3mic. Tomaremos c\u00f3mo referencias artistas, obras, editoriales&#8230;. para dar vueltas alrededor de algunos temas&#8230;. Entrevistas, an\u00e1lisis, reflexiones&#8230; No te lo pierdas&#8230; C\u00f3mics que te har\u00e1n pensar!!!!.\u00bb  <\/strong><\/p>\n<p><\/H2><\/p>\n<div align=\"center\"><H3><strong>Episodio 1: Personas mayores<\/strong><\/H3><\/div>\n<p><H4><\/p>\n<ol>\n<em><\/p>\n<p style=\"font-family:courier,arial,helv\u00e9tica\">En esta primera entrega de pizpireta comic vamos a hablar de personas mayores y de algunas obras que abordan este tema. Estamos todas bien de Ana Penyas, Arrugas de Paco Roca y Ardal\u00e9n de Miguelanxo Prado.<\/p>\n<p><\/em><\/ol>\n<p><\/H4><\/p>\n<p><audio class=\"wp-audio-shortcode\" id=\"audio-19-1\" preload=\"none\" style=\"width: 100%;\" controls=\"controls\"><source type=\"audio\/mpeg\" src=\"https:\/\/www.ivoox.com\/pizpireta-comic-1-personas-mayores-comic_md_48503489_wp_1.mp3?_=1\" \/><a href=\"https:\/\/www.ivoox.com\/pizpireta-comic-1-personas-mayores-comic_md_48503489_wp_1.mp3\">https:\/\/www.ivoox.com\/pizpireta-comic-1-personas-mayores-comic_md_48503489_wp_1.mp3<\/a><\/audio> <a href=\"https:\/\/www.ivoox.com\/pizpireta-comic-1-personas-mayores-comic-audios-mp3_rf_48503489_1.html\" title=\"Pizpireta comic 1 Personas Mayores y Comic\">Ir a descargar<\/a><\/p>\n<div style=\"width: 640px;\" class=\"wp-video\"><video class=\"wp-video-shortcode\" id=\"video-19-1\" width=\"640\" height=\"360\" preload=\"metadata\" controls=\"controls\"><source type=\"video\/youtube\" src=\"https:\/\/www.youtube.com\/watch?v=uFBoYzRR910&#038;_=1\" \/><a href=\"https:\/\/www.youtube.com\/watch?v=uFBoYzRR910\">https:\/\/www.youtube.com\/watch?v=uFBoYzRR910<\/a><\/video><\/div>\n<div align=\"center\"><H3><strong>Episodio 2: Locura y C\u00f3mics<\/strong><\/H3><\/div>\n<p><em><\/p>\n<p style=\"font-family:courier,arial,helv\u00e9tica\">Hola gente.<br \/>\nPor fin despu\u00e9s de m\u00e1s de dos meses sale el Pizpireta c\u00f3mic 2. Esta vez para hablar de locura. Para ello os he preparado tres propuestas que no os van a defraudar. Yo, loco, de Antonio Altarriba, Desmesura de Fernando Balius y Enorme Suciedad de Maite Mutuberria. Esperamos que os guste y ya sab\u00e9is que para propuestas o aportaciones pod\u00e9is contactar a trav\u00e9s de pizpiretacomic@gmail.com<\/p>\n<p><\/em><\/ol>\n<p><audio class=\"wp-audio-shortcode\" id=\"audio-19-2\" preload=\"none\" style=\"width: 100%;\" controls=\"controls\"><source type=\"audio\/mpeg\" src=\"https:\/\/www.ivoox.com\/pizpireta-comic-2-locura-comics_md_52564664_wp_1.mp3?_=2\" \/><a href=\"https:\/\/www.ivoox.com\/pizpireta-comic-2-locura-comics_md_52564664_wp_1.mp3\">https:\/\/www.ivoox.com\/pizpireta-comic-2-locura-comics_md_52564664_wp_1.mp3<\/a><\/audio> <a href=\"https:\/\/go.ivoox.com\/rf\/52564664\" title=\"PIZPIRETA C\u00d3MIC 2 Locura y C\u00f3mics\">Ir a descargar<\/a><\/p>\n<div style=\"width: 640px;\" class=\"wp-video\"><video class=\"wp-video-shortcode\" id=\"video-19-2\" width=\"640\" height=\"360\" preload=\"metadata\" controls=\"controls\"><source type=\"video\/youtube\" src=\"https:\/\/www.youtube.com\/watch?v=hAfd_YkROFw&#038;_=2\" \/><a href=\"https:\/\/www.youtube.com\/watch?v=hAfd_YkROFw\">https:\/\/www.youtube.com\/watch?v=hAfd_YkROFw<\/a><\/video><\/div>\n","protected":false},"excerpt":{"rendered":"<p>PIZPIRETA COMIC \u00abPizpireta c\u00f3mic. Un espacio para hablar y debatir siempre alrededor del mundo del c\u00f3mic. Tomaremos c\u00f3mo referencias artistas, obras, editoriales&#8230;. para dar vueltas alrededor de algunos temas&#8230;. Entrevistas, an\u00e1lisis, reflexiones&#8230; No te lo pierdas&#8230; C\u00f3mics que te har\u00e1n pensar!!!!.\u00bb Episodio 1: Personas mayores En esta primera entrega de pizpireta comic vamos a hablar [&hellip;]<\/p>\n","protected":false},"author":14881,"featured_media":0,"parent":0,"menu_order":0,"comment_status":"closed","ping_status":"closed","template":"","meta":{"footnotes":""},"class_list":["post-19","page","type-page","status-publish","hentry"],"_links":{"self":[{"href":"https:\/\/radiokuko.noblogs.org\/index.php?rest_route=\/wp\/v2\/pages\/19","targetHints":{"allow":["GET"]}}],"collection":[{"href":"https:\/\/radiokuko.noblogs.org\/index.php?rest_route=\/wp\/v2\/pages"}],"about":[{"href":"https:\/\/radiokuko.noblogs.org\/index.php?rest_route=\/wp\/v2\/types\/page"}],"author":[{"embeddable":true,"href":"https:\/\/radiokuko.noblogs.org\/index.php?rest_route=\/wp\/v2\/users\/14881"}],"replies":[{"embeddable":true,"href":"https:\/\/radiokuko.noblogs.org\/index.php?rest_route=%2Fwp%2Fv2%2Fcomments&post=19"}],"version-history":[{"count":13,"href":"https:\/\/radiokuko.noblogs.org\/index.php?rest_route=\/wp\/v2\/pages\/19\/revisions"}],"predecessor-version":[{"id":264,"href":"https:\/\/radiokuko.noblogs.org\/index.php?rest_route=\/wp\/v2\/pages\/19\/revisions\/264"}],"wp:attachment":[{"href":"https:\/\/radiokuko.noblogs.org\/index.php?rest_route=%2Fwp%2Fv2%2Fmedia&parent=19"}],"curies":[{"name":"wp","href":"https:\/\/api.w.org\/{rel}","templated":true}]}}